{"id":3110,"date":"2023-10-27T13:30:05","date_gmt":"2023-10-27T13:30:05","guid":{"rendered":"https:\/\/zenrin-europe.com\/?page_id=3110"},"modified":"2023-11-16T14:07:19","modified_gmt":"2023-11-16T14:07:19","slug":"csr-policy","status":"publish","type":"page","link":"https:\/\/zenrin-europe.com\/de\/csr-policy","title":{"rendered":"CSR Richtlinie"},"content":{"rendered":"<h1>ZENRIN CSR-Richtlinie f\u00fcr die  Lieferkette<\/h1>\n<h2><\/h2>\n<h2><strong>Anfrage an unsere Gesch\u00e4ftspartner<\/strong><\/h2>\n<p>ZENRIN bietet eine Vielzahl von kartenbezogenen Produkten und standortbezogenen Diensten an, darunter Karten f\u00fcr Wohngebiete und Kartendaten f\u00fcr Navigationssysteme in Fahrzeugen. Im Rahmen unseres einzigartigen Gesch\u00e4ftsmodells pflegen wir regelm\u00e4\u00dfig die gro\u00dfe Menge an Informationen, die wir t\u00e4glich sammeln, verwalten sie in einer Datenbank und stellen sie in einer f\u00fcr alle Arten von Ger\u00e4ten optimierten Form bereit.<\/p>\n<p>ZENRIN hat sich zum Ziel gesetzt, ein f\u00fchrendes Unternehmen im Bereich Global Mapping zu sein, das erstklassige Kartendienste und -produkte anbietet und gleichzeitig das Wohlergehen von Mensch und Natur f\u00f6rdert. Die Vision von ZENRIN ist es, die globale Mapping-Branche mit erstklassigen Mapping-Services und -Produkten voranzutreiben und gleichzeitig das menschliche Wohl und das der Umwelt zu f\u00f6rdern.<\/p>\n<p>Wir kommunizieren und teilen unseren Auftrag und unsere Vision auch durch die F\u00f6rderung dieser sozialen Verantwortung der Unternehmen (CSR) gegen\u00fcber unseren Partnern und Zulieferern. Wir m\u00f6chten durch die Anwendung und F\u00f6rderung dieser CSR-Leitlinien zu einer nachhaltigeren Gesellschaft beitragen. Daher bitten wir alle unsere Partner, diese Leitlinien zu verstehen und bei ihrer Umsetzung mitzuwirken. Dar\u00fcber hinaus bitten wir unsere Partner, die gleiche Aufforderung an ihre Lieferanten zu richten und die Standards entlang ihrer Lieferkette weiterzugeben.<\/p>\n<p>Die folgende \"ZENRIN CSR-Richtlinie f\u00fcr die  Lieferkette\" wurde in der \u00dcberzeugung verfasst, dass unsere Partner unser Ziel teilen und sich gemeinsam mit uns f\u00fcr CSR engagieren werden.<\/p>\n<p>&nbsp;<\/p>\n<h2><strong>ZENRIN CSR-Richtlinie f\u00fcr die  Lieferkette<\/strong><\/h2>\n<p>&nbsp;<\/p>\n<h3><strong>1.\u00a0\u00a0\u00a0\u00a0 <\/strong><strong>Compliance und Unternehmensethik <\/strong><strong>Ethics<\/strong><\/h3>\n<p>Wir bitten alle Partner, sich f\u00fcr die Einhaltung ethischer Grunds\u00e4tze einzusetzen und am Aufbau und der Verwaltung einer Organisation mitzuwirken, die dies erm\u00f6glicht:<\/p>\n<ol>\n<li>Gr\u00fcndliche Einhaltung der Gesetze und sozialen Normen und Regeln in den L\u00e4ndern und Regionen, in denen die Gesch\u00e4ftst\u00e4tigkeit ausge\u00fcbt wird.<\/li>\n<li>Verwaltung vertraulicher Informationen und personenbezogener Daten ohne unberechtigte oder unzul\u00e4ssige Beschaffung, Nutzung oder Offenlegung durch die Einrichtung und Nutzung von Informationssicherheits-Managementsystemen.<\/li>\n<li>Alle geltenden Gesetze und Vorschriften zur Korruptions- und Geldw\u00e4schebek\u00e4mpfung in den L\u00e4ndern, in denen das Unternehmen t\u00e4tig ist, einzuhalten. Keine Bestechungsgelder zu zahlen oder jemandem f\u00fcr irgendeinen Zweck unzul\u00e4ssige Anreize zu bieten, noch Bestechungsgelder oder unzul\u00e4ssige Anreize anzunehmen.<\/li>\n<li>Aufrechterhaltung eines freien und fairen Wettbewerbs ohne Einschr\u00e4nkungen und Behinderungen. Au\u00dferdem sollen unlautere oder kartellrechtswidrige Handlungen verhindert und so fr\u00fch wie m\u00f6glich aufgedeckt und bek\u00e4mpft werden.<\/li>\n<li>Proaktive Weitergabe und Offenlegung von Informationen und Gew\u00e4hrleistung der Rechenschaftspflicht gegen\u00fcber der Gesellschaft und der Transparenz des Unternehmens. Sicherstellen, dass die Organisation in einer offenen (F\u00f6rderung einer \"Speak Up\"-Kultur), transparenten und fairen Art und Weise funktioniert und den Schutz f\u00fcr diejenigen verbessert, die Fehlverhalten melden.<\/li>\n<li>Die Rechte am geistigen Eigentum anderer zu respektieren und nicht zu verletzen.<\/li>\n<li>Die Land-, Wald- und Wasserrechte der Gemeinschaften (einschlie\u00dflich der Rechte von Minderheiten und indigenen V\u00f6lkern), in denen sie t\u00e4tig sind, zu respektieren und alle Ma\u00dfnahmen zu vermeiden, die zu Zwangsr\u00e4umungen oder Vertreibungen von Menschen f\u00fchren k\u00f6nnten.<\/li>\n<li>Sicherstellen, dass das von den Unternehmen besch\u00e4ftigte oder unter Vertrag genommene Sicherheitspersonal, unabh\u00e4ngig davon, ob es sich um private oder \u00f6ffentliche Stellen handelt, ordnungsgem\u00e4\u00df ausgebildet, zugelassen und beaufsichtigt wird. Sicherstellen, dass das Sicherheitspersonal im Einklang mit den geltenden Gesetzen und internationalen Standards, wie den Freiwilligen Grunds\u00e4tzen f\u00fcr Sicherheit und Menschenrechte und dem Verhaltenskodex der Vereinten Nationen f\u00fcr Strafverfolgungsbeamte, handelt.<\/li>\n<\/ol>\n<p>Um die oben genannten Ziele zu erreichen, fordern wir unsere Partner auf, geeignete interne Verfahren und Ma\u00dfnahmen einzuf\u00fchren, um die Einhaltung der Vorschriften kontinuierlich zu verbessern und aufrechtzuerhalten.<\/p>\n<p>&nbsp;<\/p>\n<h3><strong>2<\/strong><strong>.Sicherheit, Qualit\u00e4t, Kosten, Lieferung und Innovation<\/strong><\/h3>\n<p>Wir fordern alle unsere Partner auf, Materialien und Dienstleistungen mit garantierter Sicherheit und Qualit\u00e4t, Kosten und Lieferung zu liefern. Im Einzelnen umfasst dies Folgendes:<\/p>\n<ol>\n<li>Gew\u00e4hrleistung der Produktsicherheitsgesetze und aller anwendbaren Sicherheitsstandards und deren Aufrechterhaltung durch F\u00fchrung von Aufzeichnungen \u00fcber Materialien, Teile und Prozesse.<\/li>\n<li>Die Einhaltung aller geltenden Gesetze und Vorschriften zur Exportkontrolle und zu Wirtschaftssanktionen in den L\u00e4ndern, in denen das Unternehmen t\u00e4tig ist, sowie die Einholung aller erforderlichen Lizenzen und Genehmigungen f\u00fcr den Export, Reexport, Transfer oder Import von Waren, Dienstleistungen, Software oder Technologie.<\/li>\n<li>Beibehaltung geeigneter Verfahren zur Isolierung, Quarant\u00e4ne, Meldung und Entfernung gef\u00e4lschter Komponenten.<\/li>\n<li>Aufrechterhaltung und kontinuierliche Verbesserung der angemessenen Qualit\u00e4t von Materialien und Dienstleistungen durch das eingef\u00fchrte Qualit\u00e4tsmanagementsystem oder gem\u00e4\u00df den erforderlichen Qualit\u00e4tsstandards.<\/li>\n<li>Einhaltung des Lieferplans f\u00fcr Materialien und Dienstleistungen und Gew\u00e4hrleistung einer stabilen Versorgung.<\/li>\n<li>Genaue und vollst\u00e4ndige Aufzeichnungen \u00fcber ihre finanziellen Transaktionen und Aktivit\u00e4ten in \u00dcbereinstimmung mit den geltenden Gesetzen und Vorschriften zu f\u00fchren.<\/li>\n<li>Kontinuierliche F\u00f6rderung von Innovation und technischem Fortschritt.<\/li>\n<\/ol>\n<p>&nbsp;<\/p>\n<h3><strong>3. Menschenrechte, Gesundheit und Sicherheit<\/strong><\/h3>\n<p>Wir fordern alle unsere Partner auf, die Menschenrechte aller Mitarbeiter zu respektieren und ein sicheres und angenehmes Arbeitsumfeld zu gew\u00e4hrleisten.<\/p>\n<ol>\n<li>Verbot jeglicher Art von Kinder-, Jugend- oder Sklavenarbeit, einschlie\u00dflich moderner Sklaverei (d. h. Sklaverei, Knechtschaft, Zwangs- oder Pflichtarbeit und Menschenhandel).<\/li>\n<li>Vermeidung von unlauteren Arbeitspraktiken, Diskriminierung und missbr\u00e4uchlicher Behandlung von Arbeitnehmern, wie z. B. Bel\u00e4stigung, Misshandlung, Mobbing, k\u00f6rperliche Bestrafung.<\/li>\n<li>Einhaltung der Landesgesetze und Anwendung bew\u00e4hrter Praktiken in Bezug auf die Arbeitsbedingungen der Mitarbeiter (einschlie\u00dflich angemessener L\u00f6hne, Einstellung und Entlassung), Gesundheit und Sicherheit.<\/li>\n<li>Die Rechte der Frauen zu respektieren und aufrechtzuerhalten, was beinhaltet:\n<ul>\n<li>Sicherstellen, dass weibliche Besch\u00e4ftigte Zugang zu sicheren und hygienischen Arbeitsbedingungen, angemessener Gesundheitsf\u00fcrsorge, Mutterschaftsurlaub und Kinderbetreuungseinrichtungen haben.<\/li>\n<li>Unterst\u00fctzung der F\u00f6rderung weiblicher Mitarbeiter durch Bildung, Schulung, Mentoring und berufliche Entwicklungsm\u00f6glichkeiten.<\/li>\n<li>F\u00f6rderung der Gleichstellung der Geschlechter und der Vielfalt in F\u00fchrungs- und Managementpositionen innerhalb der Zuliefererorganisation und ihrer Lieferkette.<\/li>\n<\/ul>\n<\/li>\n<li>Gew\u00e4hrleistung eines sicheren und angenehmen Arbeitsumfelds, Aufrechterhaltung hygienischer Bedingungen in den zur Verf\u00fcgung gestellten Unterk\u00fcnften und Essensbereichen sowie Gew\u00e4hrleistung ausreichender Arbeits- und Lebensbedingungen.<\/li>\n<li>Wir bem\u00fchen uns nach Kr\u00e4ften, die Arbeitszeit ordnungsgem\u00e4\u00df zu verwalten, die einschl\u00e4gigen Gesetze und Vorschriften einzuhalten und lange Arbeitszeiten zu begrenzen.<\/li>\n<li>Achtung des Rechts der Mitarbeiter, Gewerkschaften zu gr\u00fcnden oder ihnen beizutreten und Tarifverhandlungen zu f\u00fchren, in \u00dcbereinstimmung mit den geltenden Gesetzen und Vorschriften der L\u00e4nder, in denen sie t\u00e4tig sind.<\/li>\n<li>Wertsch\u00e4tzung und F\u00f6rderung von Diversit\u00e4t, Gleichberechtigung und Inklusion:\n<ul>\n<li>Diversit\u00e4t: die Vielfalt der M\u00e4rkte widerspiegeln und respektieren und eine Kultur der Einbeziehung und Zugeh\u00f6rigkeit f\u00fcr Mitarbeiter und Interessengruppen f\u00f6rdern.<\/li>\n<li>Gleichberechtigung: Wir sind der Meinung, dass alle Barrieren oder Vorurteile, die Einzelpersonen am Zugang zu M\u00f6glichkeiten und Ressourcen hindern, beseitigt werden m\u00fcssen und dass alle Menschen unabh\u00e4ngig von ihrem Hintergrund, ihrer Identit\u00e4t oder ihrem Status fair und gleich behandelt werden m\u00fcssen.<\/li>\n<li>Inklusion: Wir bem\u00fchen uns um die Entwicklung einer ausreichend integrativen Kultur, so dass alle Mitarbeiter das Gef\u00fchl haben, dass ihre Stimme geh\u00f6rt wird, und um die F\u00f6rderung eines kooperativen und unterst\u00fctzenden Umfelds, in dem jeder seinen Beitrag leisten und sich entfalten kann.<\/li>\n<\/ul>\n<\/li>\n<\/ol>\n<p>Wir erwarten auch von unseren Lieferanten, dass sie soziale und \u00f6kologische Anliegen unterst\u00fctzen, die mit unserem Auftrag und unserer Vision \u00fcbereinstimmen, und dass sie sich an unseren Nachhaltigkeitsinitiativen und -programmen beteiligen.<\/p>\n<p>&nbsp;<\/p>\n<h3><strong>4. Umwelt und Nachhaltigkeit<\/strong><\/h3>\n<p>Wir fordern alle unsere Partner auf, die Umweltbelastungen ihrer Aktivit\u00e4ten kontinuierlich zu \u00fcberwachen und zu verringern. Dies umfasst folgende Punkte:<\/p>\n<ol>\n<li>Einhaltung von Umweltvorschriften: Einhaltung aller relevanten Umweltgesetze, -vorschriften und -standards. Die Verpflichtung zur Einhaltung der h\u00f6chsten rechtlichen und ethischen Standards in Bezug auf Umweltpraktiken.<\/li>\n<li>Ressourcenschonung: Minimierung des Verbrauchs von nat\u00fcrlichen Ressourcen wie Wasser, Energie und Rohstoffen und aktive Suche nach M\u00f6glichkeiten zur Abfallvermeidung.<\/li>\n<li>Abfallreduzierung: Abfallreduzierung, Recycling und verantwortungsvolle Abfallentsorgung, um den \u00f6kologischen Fu\u00dfabdruck zu minimieren und Umweltverschmutzung zu vermeiden.<\/li>\n<li>Energie-Effizienz: Kontinuierliche Verbesserung der Energieeffizienz und Reduzierung der Kohlenstoffemissionen. Erforschung erneuerbarer Energiequellen und F\u00f6rderung energiesparender Praktiken.<\/li>\n<li>Nachhaltige Beschaffung: Bevorzugung von umweltfreundlichen Produkten und Materialien, indem Lieferanten bevorzugt werden, die diese Verpflichtung zur Nachhaltigkeit teilen.<\/li>\n<li>Nachhaltigkeit im Verkehrswesen: F\u00f6rderung nachhaltiger Transportm\u00f6glichkeiten und Unterst\u00fctzung von Initiativen, die die Umweltbelastung reduzieren.<\/li>\n<li>Aufkl\u00e4rung und Bildung im Umweltbereich: Interne Weitergabe des Wissens und der Instrumente, die erforderlich sind, um fundierte, nachhaltige Entscheidungen zu treffen und das Bewusstsein f\u00fcr Umweltfragen zu sch\u00e4rfen.<\/li>\n<\/ol>\n<p>&nbsp;<\/p>\n<h3><strong>5. Interessenkonflikte<\/strong><\/h3>\n<p>Interessenkonflikte k\u00f6nnen entstehen, wenn ein Partner eine finanzielle, famili\u00e4re, politische oder sonstige Beziehung zu einem Konkurrenten, Kunden, einer Aufsichtsbeh\u00f6rde oder einem anderen Stakeholder hat, die seine Entscheidungen oder Handlungen beeinflussen k\u00f6nnte. Daher sind die Nachhaltigkeitsanforderungen an unseren Partner eine Reihe von Standards und Erwartungen, die sicherstellen sollen, dass die Lieferanten ihre Gesch\u00e4fte auf verantwortungsvolle und ethische Weise f\u00fchren. Wir bitten alle unsere Partner um Folgendes:<\/p>\n<ol>\n<li>Vermeidung von Interessenkonflikten, d. h. von Situationen, in denen die pers\u00f6nlichen oder beruflichen Interessen eines Anbieters seine F\u00e4higkeit beeintr\u00e4chtigen k\u00f6nnen, im besten Interesse des Kunden oder der \u00d6ffentlichkeit zu handeln.<\/li>\n<li>Den Kunden so schnell wie m\u00f6glich \u00fcber potenzielle oder tats\u00e4chliche Interessenkonflikte zu informieren und geeignete Schritte zur L\u00f6sung dieser Konflikte zu unternehmen.<\/li>\n<li>Keine Geschenke, Gef\u00e4lligkeiten oder Anreize anzubieten oder anzunehmen, die die Integrit\u00e4t der betreffenden Person beeintr\u00e4chtigen oder den Anschein von Unredlichkeit erwecken k\u00f6nnten.<\/li>\n<\/ol>\n<p>&nbsp;<\/p>\n<h3><strong>6. Soziales und gesellschaftliches Engagement <\/strong><\/h3>\n<p>Wir fordern unsere Partner auf, an Aktivit\u00e4ten zu arbeiten, die einen positiven Beitrag f\u00fcr die Gesellschaft und die regionalen Gemeinschaften leisten.<\/p>\n<p>Sich freiwillig zu engagieren, z. B. durch soziale Beitr\u00e4ge im Rahmen des Kerngesch\u00e4fts, Geldspenden, soziale Beitr\u00e4ge mit Hilfe von Einrichtungen und Humanressourcen.<\/p>\n<p>Mehr \u00fcber ZENRINs Engagement <a href=\"https:\/\/www.zenrin.co.jp\/english\/company\/community\/index.html\" target=\"_blank\" rel=\"noopener\">hier<\/a>.<\/p>\n<p>Zum Herunterladen anklicken <a href=\"https:\/\/zenrin-europe.com\/wp-content\/uploads\/2023\/11\/ZENRIN-Supply-Chain-CSR-Policy.pdf\">ZENRIN CSR-Richtlinie f\u00fcr die  Lieferkette<\/a>.<\/p>","protected":false},"excerpt":{"rendered":"<p>ZENRIN Supply Chain CSR Policy Request to our Business Partners ZENRIN offering a variety of map-related products and location-based services, including residential maps and map data used in car navigation systems. Under our unique business model, we conduct regular maintenance on our large volume of information collected every day, manage it in a database, and [&hellip;]<\/p>\n","protected":false},"author":1,"featured_media":0,"parent":0,"menu_order":0,"comment_status":"closed","ping_status":"closed","template":"","meta":{"site-sidebar-layout":"default","site-content-layout":"","ast-site-content-layout":"default","site-content-style":"default","site-sidebar-style":"default","ast-global-header-display":"","ast-banner-title-visibility":"","ast-main-header-display":"","ast-hfb-above-header-display":"","ast-hfb-below-header-display":"","ast-hfb-mobile-header-display":"","site-post-title":"","ast-breadcrumbs-content":"","ast-featured-img":"","footer-sml-layout":"","ast-disable-related-posts":"","theme-transparent-header-meta":"default","adv-header-id-meta":"","stick-header-meta":"","header-above-stick-meta":"","header-main-stick-meta":"","header-below-stick-meta":"","astra-migrate-meta-layouts":"set","ast-page-background-enabled":"default","ast-page-background-meta":{"desktop":{"background-color":"","background-image":"","background-repeat":"repeat","background-position":"center center","background-size":"auto","background-attachment":"scroll","background-type":"","background-media":"","overlay-type":"","overlay-color":"","overlay-opacity":"","overlay-gradient":""},"tablet":{"background-color":"","background-image":"","background-repeat":"repeat","background-position":"center center","background-size":"auto","background-attachment":"scroll","background-type":"","background-media":"","overlay-type":"","overlay-color":"","overlay-opacity":"","overlay-gradient":""},"mobile":{"background-color":"","background-image":"","background-repeat":"repeat","background-position":"center center","background-size":"auto","background-attachment":"scroll","background-type":"","background-media":"","overlay-type":"","overlay-color":"","overlay-opacity":"","overlay-gradient":""}},"ast-content-background-meta":{"desktop":{"background-color":"var(--ast-global-color-5)","background-image":"","background-repeat":"repeat","background-position":"center center","background-size":"auto","background-attachment":"scroll","background-type":"","background-media":"","overlay-type":"","overlay-color":"","overlay-opacity":"","overlay-gradient":""},"tablet":{"background-color":"var(--ast-global-color-5)","background-image":"","background-repeat":"repeat","background-position":"center center","background-size":"auto","background-attachment":"scroll","background-type":"","background-media":"","overlay-type":"","overlay-color":"","overlay-opacity":"","overlay-gradient":""},"mobile":{"background-color":"var(--ast-global-color-5)","background-image":"","background-repeat":"repeat","background-position":"center center","background-size":"auto","background-attachment":"scroll","background-type":"","background-media":"","overlay-type":"","overlay-color":"","overlay-opacity":"","overlay-gradient":""}},"footnotes":""},"class_list":["post-3110","page","type-page","status-publish","hentry"],"_links":{"self":[{"href":"https:\/\/zenrin-europe.com\/de\/wp-json\/wp\/v2\/pages\/3110","targetHints":{"allow":["GET"]}}],"collection":[{"href":"https:\/\/zenrin-europe.com\/de\/wp-json\/wp\/v2\/pages"}],"about":[{"href":"https:\/\/zenrin-europe.com\/de\/wp-json\/wp\/v2\/types\/page"}],"author":[{"embeddable":true,"href":"https:\/\/zenrin-europe.com\/de\/wp-json\/wp\/v2\/users\/1"}],"replies":[{"embeddable":true,"href":"https:\/\/zenrin-europe.com\/de\/wp-json\/wp\/v2\/comments?post=3110"}],"version-history":[{"count":11,"href":"https:\/\/zenrin-europe.com\/de\/wp-json\/wp\/v2\/pages\/3110\/revisions"}],"predecessor-version":[{"id":3147,"href":"https:\/\/zenrin-europe.com\/de\/wp-json\/wp\/v2\/pages\/3110\/revisions\/3147"}],"wp:attachment":[{"href":"https:\/\/zenrin-europe.com\/de\/wp-json\/wp\/v2\/media?parent=3110"}],"curies":[{"name":"wp","href":"https:\/\/api.w.org\/{rel}","templated":true}]}}