{"id":3,"date":"2021-07-13T11:56:25","date_gmt":"2021-07-13T11:56:25","guid":{"rendered":"https:\/\/zenrineurope.live-website.com\/?page_id=3"},"modified":"2025-04-02T09:07:13","modified_gmt":"2025-04-02T09:07:13","slug":"privacy-policy","status":"publish","type":"page","link":"https:\/\/zenrin-europe.com\/de\/privacy-policy","title":{"rendered":"Datenschutzerkl\u00e4rung"},"content":{"rendered":"<div data-elementor-type=\"wp-page\" data-elementor-id=\"3\" class=\"elementor elementor-3\">\n\t\t\t\t\t\t<section class=\"elementor-section elementor-top-section elementor-element elementor-element-3b233c90 elementor-section-boxed elementor-section-height-default elementor-section-height-default\" data-id=\"3b233c90\" data-element_type=\"section\" data-e-type=\"section\">\n\t\t\t\t\t\t<div class=\"elementor-container elementor-column-gap-default\">\n\t\t\t\t\t<div class=\"elementor-column elementor-col-100 elementor-top-column elementor-element elementor-element-2f20c348\" data-id=\"2f20c348\" data-element_type=\"column\" data-e-type=\"column\">\n\t\t\t<div class=\"elementor-widget-wrap elementor-element-populated\">\n\t\t\t\t\t\t<div class=\"elementor-element elementor-element-58dbc007 elementor-widget elementor-widget-text-editor\" data-id=\"58dbc007\" data-element_type=\"widget\" data-e-type=\"widget\" data-widget_type=\"text-editor.default\">\n\t\t\t\t<div class=\"elementor-widget-container\">\n\t\t\t\t\t\t\t\t\t<p><strong>Die nachfolgende Datenschutzerkl\u00e4rung gilt f\u00fcr die Nutzung unseres Online-Angebots <\/strong>www.zenrin-europe.com <strong>(nachfolgend \u201eWebsite\u201c). <\/strong><\/p><p><strong>Die Erhebung und Verarbeitung Ihrer personenbezogenen Daten geschieht unter Beachtung der geltenden datenschutzrechtlichen Vorschriften, insbesondere der Datenschutzgrundverordnung (DSGVO). Wir nehmen den Umgang mit Ihren Daten sehr ernst und informieren Sie daher nachfolgend, wie wir Ihre Daten vor unerlaubten Zugriffen sch\u00fctzen. <\/strong><\/p><p><strong>Diese Datenschutzerkl\u00e4rung ist auf dem Stand Juli 2023.<\/strong><\/p><p><strong style=\"font-style: inherit; color: var(--ast-global-color-3);\">I. Verantwortlicher<\/strong><\/p><p>Verantwortlicher f\u00fcr die Erhebung, Verarbeitung und Nutzung Ihrer personenbezogenen Daten im Sinne von Art. 4 Nr. 7 DSGVO ist:<\/p><p><strong>\u00a0Zenrin Europe GmbH<\/strong><\/p><p>\u00a0Mies-van-der-Rohe-Strasse 8 D-80807 M\u00fcnchen Tel.: +49 (89) 189 174 476 E-Mail: maps.eu@zenrin-europe.com<\/p><p>Sofern Sie der Erhebung, Verarbeitung oder Nutzung Ihrer Daten durch uns nach Ma\u00dfgabe dieser Datenschutzbestimmungen insgesamt oder f\u00fcr einzelne Ma\u00dfnahmen widersprechen wollen, k\u00f6nnen Sie Ihren Widerspruch an den Verantwortlichen richten. Sie k\u00f6nnen diese Datenschutzerkl\u00e4rung jederzeit speichern und ausdrucken.<\/p><p>2.<strong style=\"font-size: 16px;\">Allgemeiner Zwecke der Verarbeitung<\/strong><\/p><p>Wir verwenden personenbezogene Daten ausschlie\u00dflich zum Zweck des Betriebs unserer Website, wo und soweit technisch im Mindestma\u00df erforderlich. Eine dar\u00fcber hinausgehende Verarbeitung Ihrer pers\u00f6nlichen Daten, sofern nachfolgend nicht gesondert ausgewiesen, findet auf unserer Website nicht statt.<\/p><p><strong>III. Verarbeitete Daten; Grund der Verarbeitung <\/strong><\/p><ol><li><strong> Zugriffsdaten <\/strong><\/li><\/ol><p>Bei jedem Aufruf unserer Internetseite erfasst unser System automatisiert Daten und Informationen vom Computersystem des aufrufenden Rechners. Wir erheben und speichern diese Daten vor\u00fcbergehend (sogenannte Serverlogfiles). Zu den Zugriffsdaten geh\u00f6ren:<\/p><ul><li>Name und URL der abgerufenen Datei<\/li><li>Datum und Uhrzeit des Abrufs<\/li><li>\u00fcbertragene Datenmenge<\/li><li>Meldung \u00fcber erfolgreichen Abruf (HTTP response code)<\/li><li>Browsertyp und Browserversion<\/li><li>Betriebssystem<\/li><li>Referer URL (d.h. die zuvor besuchte Seite)<\/li><li>Websites, die vom System des Nutzers \u00fcber unsere Website aufgerufen werden<\/li><li>Internet-Service-Provider des Nutzers<\/li><li>IP-Adresse und der anfragende Provider<\/li><\/ul><p>Wir nutzen diese Protokolldaten ohne Zuordnung zu Ihrer Person oder sonstiger Profilerstellung zum Zweck des Betriebs, der Sicherheit und der Optimierung unserer Website. Eine Auswertung der Daten zu Marketingzwecken findet in diesem Zusammenhang nicht statt. Hierin liegt auch unser berechtigtes Interesse gem\u00e4\u00df Art 6 Abs. 1 S. 1 lit. f DSGVO. Die Daten werden gel\u00f6scht, sobald sie f\u00fcr die Erreichung des Zweckes ihrer Erhebung nicht mehr erforderlich sind. Im Falle der Speicherung der Daten in Logfiles ist dies nach sp\u00e4testens 7 Tagen der Fall. Eine dar\u00fcberhinausgehende Speicherung ist m\u00f6glich. In diesem Fall werden die IP-Adressen der Nutzer gel\u00f6scht oder verfremdet, sodass eine Zuordnung des aufrufenden Clients nicht mehr m\u00f6glich ist.<\/p><p><span style=\"font-style: inherit; color: var(--ast-global-color-3);\">2.\u00a0<\/span><strong style=\"font-style: inherit; color: var(--ast-global-color-3);\">Cookies und Websiteanalysedienste<\/strong><\/p><p>Ein Cookie ist eine kleine Datei (Textdatei), welche Ihr Browser auf Anweisung einer besuchten Website auf Ihrem Ger\u00e4t speichert, um sich Informationen \u00fcber Sie zu \u201emerken\u201c, wie etwa Ihre Spracheinstellungen oder Anmeldeinformationen. Diese Cookies werden von uns gesetzt und als Erstanbieter-Cookies bezeichnet. Je nachdem, welche unserer Websites Sie besuchen, verwenden wir auch Drittanbieter-Cookies \u2013 das sind Cookies von einer anderen Dom\u00e4ne als der Dom\u00e4ne der von Ihnen besuchten Website \u2013zum Verst\u00e4ndnis Ihres Surfverhaltens auf der Website (z.B. welche Seite Sie besuchen oder wie lange Sie sich auf den einzelnen Seiten aufhalten).<\/p><p>Zur Verwaltung unserer Cookies sowie Ihrer Cookie-Einwilligungen und deren Dokumentation nutzen wir ein Cookie Consent Tool. Im Folgenden finden Sie eine Auflistung der auf unseren Websites verwendeten Cookie-Kategorien.<br \/>Wir teilen Cookies in folgende Kategorien ein:<\/p><ul><li>Technisch notwendige Cookies<\/li><li>Performance Cookies<\/li><li>Funktionale Cookies<\/li><li>Cookies f\u00fcr Marketingzwecke (GA 4)<\/li><\/ul><p>Sie k\u00f6nnen jede dieser Cookie-Kategorien als Ganzes ablehnen (mit Ausnahme der technisch notwendigen Cookies). <br \/>Diese Webseite ist f\u00fcr Sie in verschiedenen Sprachen dargestellt. Die vom Cookie Banner abgefragten Einwilligungen f\u00fcr Cookies betreffen beim Besuch unserer Webseite die gesamten Cookies aller Sprachen.<\/p><p>Mit den Anbietern wurde, sofern erforderlich, ein Auftragsverarbeitungsvertrag geschlossen. F\u00fcr GA4 gelten die Allgemeinen Gesch\u00e4ftsbedingungen. Durch Deaktivierung von Google Signals wird die Zuordnung zu einem Google-Konto unterbunden. Auf der Google Support Seite werden die detaillierte Information \u00fcber GA 4 unter \u00a0<a href=\"https:\/\/support.google.com\/analytics\/answer\/12017362\" target=\"_blank\" rel=\"noopener\">\u201cEU-focused data and privacy\u201d<\/a>angef\u00fchrt.<\/p><p><strong>\u00a03.\u00a0<\/strong><strong style=\"font-style: inherit; color: var(--ast-global-color-3);\">E-Mail Kontakt<\/strong><\/p><p>Sie haben die M\u00f6glichkeit, \u00fcber die von uns bereitgestellte E-Mail-Adresse mit uns in Kontakt zu treten. In diesem Fall werden die mit der E-Mail \u00fcbermittelten personenbezogenen Daten des Nutzers gespeichert. Wir verarbeiten Ihre Angaben zur Bearbeitung der Anfrage sowie f\u00fcr den Fall, dass Anschlussfragen entstehen. Es erfolgt in diesem Zusammenhang keine Weitergabe der Daten an Dritte. Die Daten werden ausschlie\u00dflich f\u00fcr die Verarbeitung der Konversation verwendet. Erfolgt die Datenverarbeitung zur Durchf\u00fchrung vorvertraglicher Ma\u00dfnahmen, die auf Ihre Anfrage hin erfolgen, oder wenn Sie bereits unser Kunde sind, zur Durchf\u00fchrung des Vertrages, ist Rechtsgrundlage f\u00fcr diese Datenverarbeitung Art. 6 Abs. 1 S. 1 lit. b DSGVO. Weitere personenbezogene Daten verarbeiten wir nur, wenn Sie dazu einwilligen (Art. 6 Abs. 1 S. 1 lit. a DSGVO) oder wir ein berechtigtes Interesse an der Verarbeitung Ihrer Daten haben (Art. 6 Abs. 1 S. 1 lit. f DSGVO). Ein berechtigtes Interesse liegt insbesondere darin, auf Ihre E-Mail zu antworten. Wir l\u00f6schen Ihre Daten, sobald sie f\u00fcr die Erreichung des Zwecks ihrer Erhebung nicht mehr erforderlich sind. F\u00fcr die personenbezogenen Daten, die per E-Mail \u00fcbersandt wurden, ist dies dann der Fall, wenn die jeweilige Konversation mit Ihnen beendet ist. Beendet ist die Konversation dann, wenn sich aus den Umst\u00e4nden entnehmen l\u00e4sst, dass der betroffene Sachverhalt abschlie\u00dfend gekl\u00e4rt ist<\/p><p><span style=\"font-style: inherit; color: var(--ast-global-color-3);\">4<b>.\u00a0<\/b><\/span><strong style=\"font-style: inherit; color: var(--ast-global-color-3);\">Speicherdauer<\/strong><\/p><p>Sofern nicht spezifisch angegeben speichern wir personenbezogene Daten nur so lange, wie dies zur Erf\u00fcllung der verfolgten Zwecke notwendig ist. In einigen F\u00e4llen sieht der Gesetzgeber die Aufbewahrung von personenbezogenen Daten vor, etwa im Steuer- oder Handelsrecht. In diesen F\u00e4llen werden die Daten von uns lediglich f\u00fcr diese gesetzlichen Zwecke weiter gespeichert, aber nicht anderweitig verarbeitet und nach Ablauf der gesetzlichen Aufbewahrungsfrist gel\u00f6scht.<\/p><p><span style=\"font-style: inherit; color: var(--ast-global-color-3);\">5.\u00a0<\/span><strong style=\"font-style: inherit; color: var(--ast-global-color-3);\">Ihre Rechte als von der Datenverarbeitung Betroffener<\/strong><\/p><p><strong>\u00a0<\/strong>Sobald personenbezogene Daten von Ihnen verarbeitet werden, sind Sie im Sinne der Datenschutzgrundverordnung Betroffener. Als solcher k\u00f6nnen Sie verschiedene Rechte bez\u00fcglich Ihrer personenbezogenen Daten geltend machen. M\u00f6chten Sie diese Rechte geltend machen, so richten Sie Ihre Anfrage bitte per E-Mail oder per Post unter eindeutiger Identifizierung Ihrer Person an die oben (I. Verantwortlicher) genannte Adresse. Nachfolgend finden Sie eine \u00dcbersicht \u00fcber Ihre Rechte.<\/p><p><strong style=\"font-style: inherit; color: var(--ast-global-color-3);\">Auskunftsrecht<\/strong><\/p><p>Sie haben jederzeit das Recht, von uns eine Best\u00e4tigung dar\u00fcber zu erhalten, ob Sie betreffende personenbezogene Daten verarbeitet werden. Ist dies der Fall, so haben Sie das Recht, von uns eine unentgeltliche Auskunft \u00fcber die zu Ihnen gespeicherten personenbezogenen Daten sowie eine Kopie dieser Daten zu verlangen. Werden personenbezogene Daten an ein Drittland oder an eine internationale Organisation \u00fcbermittelt, so haben Sie das Recht, \u00fcber die geeigneten Garantien gem\u00e4\u00df Art. 46 DSGVO im Zusammenhang mit der \u00dcbermittlung unterrichtet zu werden.<\/p><p><strong style=\"font-style: inherit; color: var(--ast-global-color-3);\">Recht auf Berichtigung<\/strong><\/p><p>Sie haben das Recht, von uns unverz\u00fcglich die Berichtigung Sie betreffender unrichtiger personenbezogener Daten zu verlangen. Unter Ber\u00fccksichtigung der Zwecke der Verarbeitung haben Sie das Recht, die Vervollst\u00e4ndigung unvollst\u00e4ndiger personenbezogener Daten \u2013 auch mittels einer erg\u00e4nzenden Erkl\u00e4rung \u2013 zu verlangen.<\/p><p><strong style=\"font-style: inherit; color: var(--ast-global-color-3);\">Recht auf L\u00f6schung (&#8220;Recht auf Vergessenwerden&#8221;)<\/strong><\/p><p>Sie haben gem\u00e4\u00df Art. 17 Abs. 1 DSGVO das Recht, von uns zu verlangen, dass Sie betreffende personenbezogene Daten unverz\u00fcglich gel\u00f6scht werden. Wir sind grunds\u00e4tzlich dazu verpflichtet, personenbezogene Daten unverz\u00fcglich zu l\u00f6schen, sobald die Erhebung der Daten nicht mehr notwendig ist oder Sie Ihre Einwilligung widerrufen. Bez\u00fcglich der L\u00f6schung oder um Ihr Recht auf L\u00f6schung auszu\u00fcben, kontaktieren Sie uns per E-mail oder Telefon (siehe Impressum oder Contact).<\/p><p><strong style=\"font-style: inherit; color: var(--ast-global-color-3);\">Recht auf Einschr\u00e4nkung der Verarbeitung<\/strong><\/p><p>Sie sind grunds\u00e4tzlich berechtigt, von uns eine Einschr\u00e4nkung der Verarbeitung Ihrer personenbezogenen Daten zu verlangen.<\/p><p><strong style=\"font-style: inherit; color: var(--ast-global-color-3);\">Recht auf Daten\u00fcbertragbarkeit<\/strong><\/p><p>Sie haben das Recht, Sie betreffende personenbezogene Daten maschinenlesbar zu erhalten, zu \u00fcbermitteln, oder von uns \u00fcbermitteln zu lasen.<\/p><p><strong style=\"font-style: inherit; color: var(--ast-global-color-3);\">Widerspruchsrecht<\/strong><\/p><p>Sie haben das Recht, aus einer rechtm\u00e4\u00dfigen Verarbeitung Ihrer personenbezogenen Daten durch uns zu widersprechen, wenn sich dies aus Ihrer besonderen Situation begr\u00fcndet und unsere Interessen an der Verarbeitung nicht \u00fcberwiegen.<\/p><p><strong style=\"font-style: inherit; color: var(--ast-global-color-3);\">Recht auf Widerruf einer datenschutzrechtlichen Einwilligung<\/strong><\/p><p>Sie haben das Recht, eine Einwilligung zur Verarbeitung personenbezogener Daten jederzeit zu widerrufen.<\/p><p><strong style=\"font-style: inherit; color: var(--ast-global-color-3);\">Recht auf Beschwerde bei einer Aufsichtsbeh\u00f6rde<\/strong><\/p><p>Sie haben das Recht auf Beschwerde bei einer Aufsichtsbeh\u00f6rde, insbesondere in dem Mitgliedstaat Ihres Aufenthaltsorts, Ihres Arbeitsplatzes oder des Orts des mutma\u00dflichen Versto\u00dfes, wenn Sie der Ansicht sind, dass die Verarbeitung der Sie betreffenden personenbezogenen Daten rechtswidrig ist.<\/p><p><strong style=\"font-style: inherit; color: var(--ast-global-color-3);\">Datensicherheit<\/strong><\/p><p>Wir sind um die Sicherheit Ihrer Daten im Rahmen der geltenden Datenschutzgesetze und technischen M\u00f6glichkeiten maximal bem\u00fcht. Daher unterhalten wir zur Sicherung Ihrer Daten technische und organisatorische Sicherungsma\u00dfnahmen entsprechend Art. 32 DSGVO, die wir laufend dem Stand der Technik anpassen. Ihre personenbezogenen Informationen werden innerhalb gesicherter Netzwerke erhoben, gespeichert und unterliegen dem Zugriff nur solcher Personen, die gem\u00e4\u00df geltender Datenschutzgesetze dazu berechtigt sind.<\/p><p><strong>VII. Weitergabe von Daten an Dritte, keine Daten\u00fcbertragung ins Nicht-EU-Ausland<\/strong><\/p><p><strong>\u00a0<\/strong>Ihre \u00fcber unsere Website erhobenen personenbezogenen Daten werden nicht au\u00dferhalb des Europ\u00e4ischen Wirtschaftsraums verarbeitet. F\u00fcr den Fall, dass wir bestimmte Teile der Datenverarbeitung auslagern (\u201eAuftragsverarbeitung\u201c), verpflichten wir den Auftragsverarbeiter vertraglich dazu, personenbezogene Daten nur im Einklang mit den Anforderungen der Datenschutzgesetze zu verwenden und den Schutz der Rechte der betroffenen Person zu gew\u00e4hrleisten.<\/p><p><strong>VIII. Kontaktm\u00f6glichkeit <\/strong><\/p><p>Sollten Sie noch Fragen oder Bedenken zum Datenschutz bei uns oder Ihren konkreten Rechten als betroffene Person haben, so wenden Sie sich bitte bitte per E-Mail oder per Post unter eindeutiger Identifizierung Ihrer Person an die oben (I. Verantwortlicher) genannte Adresse.<\/p>\t\t\t\t\t\t\t\t<\/div>\n\t\t\t\t<\/div>\n\t\t\t\t\t<\/div>\n\t\t<\/div>\n\t\t\t\t\t<\/div>\n\t\t<\/section>\n\t\t\t\t<\/div>","protected":false},"excerpt":{"rendered":"<p>Die nachfolgende Datenschutzerkl\u00e4rung gilt f\u00fcr die Nutzung unseres Online-Angebots www.zenrin-europe.com (nachfolgend \u201eWebsite\u201c). Die Erhebung und Verarbeitung Ihrer personenbezogenen Daten geschieht unter Beachtung der geltenden datenschutzrechtlichen Vorschriften, insbesondere der Datenschutzgrundverordnung (DSGVO). Wir nehmen den Umgang mit Ihren Daten sehr ernst und informieren Sie daher nachfolgend, wie wir Ihre Daten vor unerlaubten Zugriffen sch\u00fctzen. Diese Datenschutzerkl\u00e4rung ist [&hellip;]<\/p>\n","protected":false},"author":1,"featured_media":0,"parent":0,"menu_order":0,"comment_status":"closed","ping_status":"open","template":"","meta":{"site-sidebar-layout":"default","site-content-layout":"default","ast-site-content-layout":"default","site-content-style":"default","site-sidebar-style":"default","ast-global-header-display":"","ast-banner-title-visibility":"","ast-main-header-display":"","ast-hfb-above-header-display":"","ast-hfb-below-header-display":"","ast-hfb-mobile-header-display":"","site-post-title":"","ast-breadcrumbs-content":"","ast-featured-img":"","footer-sml-layout":"","ast-disable-related-posts":"","theme-transparent-header-meta":"default","adv-header-id-meta":"","stick-header-meta":"","header-above-stick-meta":"","header-main-stick-meta":"","header-below-stick-meta":"","astra-migrate-meta-layouts":"default","ast-page-background-enabled":"default","ast-page-background-meta":{"desktop":{"background-color":"","background-image":"","background-repeat":"repeat","background-position":"center center","background-size":"auto","background-attachment":"scroll","background-type":"","background-media":"","overlay-type":"","overlay-color":"","overlay-opacity":"","overlay-gradient":""},"tablet":{"background-color":"","background-image":"","background-repeat":"repeat","background-position":"center center","background-size":"auto","background-attachment":"scroll","background-type":"","background-media":"","overlay-type":"","overlay-color":"","overlay-opacity":"","overlay-gradient":""},"mobile":{"background-color":"","background-image":"","background-repeat":"repeat","background-position":"center center","background-size":"auto","background-attachment":"scroll","background-type":"","background-media":"","overlay-type":"","overlay-color":"","overlay-opacity":"","overlay-gradient":""}},"ast-content-background-meta":{"desktop":{"background-color":"var(--ast-global-color-5)","background-image":"","background-repeat":"repeat","background-position":"center center","background-size":"auto","background-attachment":"scroll","background-type":"","background-media":"","overlay-type":"","overlay-color":"","overlay-opacity":"","overlay-gradient":""},"tablet":{"background-color":"var(--ast-global-color-5)","background-image":"","background-repeat":"repeat","background-position":"center center","background-size":"auto","background-attachment":"scroll","background-type":"","background-media":"","overlay-type":"","overlay-color":"","overlay-opacity":"","overlay-gradient":""},"mobile":{"background-color":"var(--ast-global-color-5)","background-image":"","background-repeat":"repeat","background-position":"center center","background-size":"auto","background-attachment":"scroll","background-type":"","background-media":"","overlay-type":"","overlay-color":"","overlay-opacity":"","overlay-gradient":""}},"footnotes":""},"class_list":["post-3","page","type-page","status-publish","hentry"],"_links":{"self":[{"href":"https:\/\/zenrin-europe.com\/de\/wp-json\/wp\/v2\/pages\/3","targetHints":{"allow":["GET"]}}],"collection":[{"href":"https:\/\/zenrin-europe.com\/de\/wp-json\/wp\/v2\/pages"}],"about":[{"href":"https:\/\/zenrin-europe.com\/de\/wp-json\/wp\/v2\/types\/page"}],"author":[{"embeddable":true,"href":"https:\/\/zenrin-europe.com\/de\/wp-json\/wp\/v2\/users\/1"}],"replies":[{"embeddable":true,"href":"https:\/\/zenrin-europe.com\/de\/wp-json\/wp\/v2\/comments?post=3"}],"version-history":[{"count":10,"href":"https:\/\/zenrin-europe.com\/de\/wp-json\/wp\/v2\/pages\/3\/revisions"}],"predecessor-version":[{"id":3702,"href":"https:\/\/zenrin-europe.com\/de\/wp-json\/wp\/v2\/pages\/3\/revisions\/3702"}],"wp:attachment":[{"href":"https:\/\/zenrin-europe.com\/de\/wp-json\/wp\/v2\/media?parent=3"}],"curies":[{"name":"wp","href":"https:\/\/api.w.org\/{rel}","templated":true}]}}